{"id":964,"date":"2014-02-13T10:41:20","date_gmt":"2014-02-13T08:41:20","guid":{"rendered":"http:\/\/www.yogaimhof.de\/blog\/?page_id=964"},"modified":"2025-11-14T10:19:30","modified_gmt":"2025-11-14T09:19:30","slug":"yoga-studio-in-augsburg","status":"publish","type":"page","link":"https:\/\/www.yogaimhof.de\/","title":{"rendered":"Herzlich Willkommen bei Yoga im Hof"},"content":{"rendered":"\n<div class=\"alignnormal\"><div id=\"metaslider-id-4783\" style=\"max-width: 600px;\" class=\"ml-slider-3-108-0 metaslider metaslider-nivo metaslider-4783 ml-slider ms-theme-default\" role=\"region\" aria-label=\"Raum\" data-height=\"360\" data-width=\"600\">\n    <div id=\"metaslider_container_4783\">\n        <div class='slider-wrapper theme-default'><div class='ribbon'><\/div><div id='metaslider_4783' class='nivoSlider'><img loading=\"lazy\" decoding=\"async\" src=\"https:\/\/www.yogaimhof.de\/wp-content\/uploads\/2023\/04\/7be7a183-0b46-4d26-9725-2f00a2cc5cac-600x360.jpg\" height=\"360\" width=\"600\" title=\"7be7a183-0b46-4d26-9725-2f00a2cc5cac\" alt=\"\" class=\"slider-4783 slide-5090 msDefaultImage\" \/><img loading=\"lazy\" decoding=\"async\" src=\"https:\/\/www.yogaimhof.de\/wp-content\/uploads\/2023\/02\/04-scaled-600x360.jpg\" height=\"360\" width=\"600\" title=\"04\" alt=\"\" class=\"slider-4783 slide-4784 msDefaultImage\" \/><img loading=\"lazy\" decoding=\"async\" src=\"https:\/\/www.yogaimhof.de\/wp-content\/uploads\/2014\/02\/Yogaimhof_00-600x360.jpg\" height=\"360\" width=\"600\" title=\"Yogaimhof_00\" alt=\"\" class=\"slider-4783 slide-4789 msDefaultImage\" \/><img loading=\"lazy\" decoding=\"async\" src=\"https:\/\/www.yogaimhof.de\/wp-content\/uploads\/2023\/02\/D3S_6490-scaled-600x360.jpeg\" height=\"360\" width=\"600\" title=\"D3S_6490\" alt=\"\" class=\"slider-4783 slide-4836 msDefaultImage\" \/><img loading=\"lazy\" decoding=\"async\" src=\"https:\/\/www.yogaimhof.de\/wp-content\/uploads\/2014\/02\/Yogaimhof_04-600x360.jpg\" height=\"360\" width=\"600\" title=\"Yogaimhof_04\" alt=\"\" class=\"slider-4783 slide-4837 msDefaultImage\" \/><\/div><\/div>\n        \n    <\/div>\n<\/div><\/div>\n\n\n\n<p><span style=\"color: #ff9900;\"><\/span><\/p>\n\n\n\n<p>Sch\u00f6n, dass Du Dich f\u00fcr Yoga interessierst! Du kannst bei uns jederzeit einsteigen. Es ist keine Anmeldung n\u00f6tig. Komm gerne einfach vorbei. F\u00fcr Anf\u00e4nger empfiehlt es sich mit \u201eYoga Basic\u201c, \u201eYoga Sanft\u201c oder einem Pr\u00e4ventionskurs f\u00fcr Anf\u00e4nger und Wiedereinsteiger zu beginnen (<a href=\"https:\/\/www.yogaimhof.de\/?page_id=1898\">siehe Stundenplan<\/a>).\u00a0 Bringe bequeme Kleidung inklusive Sweatshirt und Socken mit und achte darauf, dass Dein Magen einigerma\u00dfen leer ist. Matten, Decken und Kissen sind vorhanden und k\u00f6nnen ausgeliehen werden.<\/p>\n\n\n\n<hr class=\"wp-block-separator has-alpha-channel-opacity is-style-dots\"\/>\n\n\n\n<h3 class=\"wp-block-heading\">Neuigkeiten<\/h3>\n\n\n\n<ul class=\"wp-block-list\">\n<li><\/li>\n<\/ul>\n\n\n<ul style=\"line-height:1.6;\" class=\"wp-block-latest-posts__list is-grid columns-3 wp-block-latest-posts\"><li><a class=\"wp-block-latest-posts__post-title\" href=\"https:\/\/www.yogaimhof.de\/?p=8127\">Meditativer Rundgang durch die Wassert\u00fcrme am Roten Tor, Freitag 8.5. 7:30 Uhr<\/a><\/li>\n<li><a class=\"wp-block-latest-posts__post-title\" href=\"https:\/\/www.yogaimhof.de\/?p=8080\">&#8222;Yoga und Klassik&#8220;  Sch\u00f6n wars! Danke, dass Ihr dabei wart!!<\/a><\/li>\n<li><a class=\"wp-block-latest-posts__post-title\" href=\"https:\/\/www.yogaimhof.de\/?p=8003\">&#8222;Yoga und Klassik&#8220; Kleiner Goldener Saal, Samstag 21.3.2026<\/a><\/li>\n<li><a class=\"wp-block-latest-posts__post-title\" href=\"https:\/\/www.yogaimhof.de\/?p=7986\">&#8222;Yoga und Philosophie&#8220; am Samstag 21.2.mit Gabi<\/a><\/li>\n<li><a class=\"wp-block-latest-posts__post-title\" href=\"https:\/\/www.yogaimhof.de\/?p=7949\">&#8222;Yoga mit allen Sinnen&#8220; mit Bettina, Dienstag 17.2.26<\/a><\/li>\n<\/ul>\n\n\n<hr class=\"wp-block-separator has-alpha-channel-opacity is-style-dots\"\/>\n\n\n\n<div style=\"background-color:#7F8C8D;padding:23px\" class=\"wp-block-tnp-minimal\"><p>Melde dich zu unserem Newsletter an!<\/p><div><div class=\"tnp tnp-subscription \">\n<form method=\"post\" action=\"https:\/\/www.yogaimhof.de\/wp-admin\/admin-ajax.php?action=tnp&amp;na=s\">\n<input type=\"hidden\" name=\"nlang\" value=\"\">\n<div class=\"tnp-field tnp-field-email\"><label for=\"tnp-1\">E-Mail<\/label>\n<input class=\"tnp-email\" type=\"email\" name=\"ne\" id=\"tnp-1\" value=\"\" placeholder=\"\" required><\/div>\n<div class=\"tnp-field tnp-field-button\" style=\"text-align: left\"><input class=\"tnp-submit\" type=\"submit\" value=\"Anmeldung Newsletter\" style=\"background-color:#27AE60;\">\n<\/div>\n<\/form>\n<\/div>\n<\/div><\/div>\n","protected":false},"excerpt":{"rendered":"<p>Sch\u00f6n, dass Du Dich f\u00fcr Yoga interessierst! Du kannst bei uns jederzeit einsteigen. Es ist keine Anmeldung n\u00f6tig. Komm gerne einfach vorbei. F\u00fcr Anf\u00e4nger empfiehlt es sich mit \u201eYoga Basic\u201c, \u201eYoga Sanft\u201c oder einem Pr\u00e4ventionskurs f\u00fcr Anf\u00e4nger und Wiedereinsteiger zu beginnen (siehe Stundenplan).\u00a0 Bringe bequeme Kleidung inklusive Sweatshirt und Socken mit und achte darauf, dass [&hellip;]<\/p>\n","protected":false},"author":1,"featured_media":0,"parent":0,"menu_order":0,"comment_status":"closed","ping_status":"closed","template":"","meta":{"footnotes":""},"class_list":["post-964","page","type-page","status-publish","hentry"],"yoast_head":"<!-- This site is optimized with the Yoast SEO plugin v27.5 - https:\/\/yoast.com\/product\/yoast-seo-wordpress\/ -->\n<title>Herzlich Willkommen bei Yoga im Hof - Yoga im Hof - seit 2005 in Augsburg<\/title>\n<meta name=\"description\" content=\"Du kannst jederzeit bei uns eine Probestunde nehmen. Was du mitbringen sollst, findest du hier auf der Seite.\" \/>\n<meta name=\"robots\" content=\"index, follow, max-snippet:-1, max-image-preview:large, max-video-preview:-1\" \/>\n<link rel=\"canonical\" href=\"https:\/\/www.yogaimhof.de\/\" \/>\n<meta property=\"og:locale\" content=\"de_DE\" \/>\n<meta property=\"og:type\" content=\"article\" \/>\n<meta property=\"og:title\" content=\"Herzlich Willkommen bei Yoga im Hof - Yoga im Hof - seit 2005 in Augsburg\" \/>\n<meta property=\"og:description\" content=\"Du kannst jederzeit bei uns eine Probestunde nehmen. Was du mitbringen sollst, findest du hier auf der Seite.\" \/>\n<meta property=\"og:url\" content=\"https:\/\/www.yogaimhof.de\/\" \/>\n<meta property=\"og:site_name\" content=\"Yoga im Hof - seit 2005 in Augsburg\" \/>\n<meta property=\"article:publisher\" content=\"https:\/\/www.facebook.com\/profile.php?id=100063689761446\" \/>\n<meta property=\"article:modified_time\" content=\"2025-11-14T09:19:30+00:00\" \/>\n<meta name=\"twitter:card\" content=\"summary_large_image\" \/>\n<meta name=\"twitter:label1\" content=\"Gesch\u00e4tzte Lesezeit\" \/>\n\t<meta name=\"twitter:data1\" content=\"1\u00a0Minute\" \/>\n<script type=\"application\/ld+json\" class=\"yoast-schema-graph\">{\"@context\":\"https:\\\/\\\/schema.org\",\"@graph\":[{\"@type\":\"WebPage\",\"@id\":\"https:\\\/\\\/www.yogaimhof.de\\\/\",\"url\":\"https:\\\/\\\/www.yogaimhof.de\\\/\",\"name\":\"Herzlich Willkommen bei Yoga im Hof - Yoga im Hof - seit 2005 in Augsburg\",\"isPartOf\":{\"@id\":\"https:\\\/\\\/www.yogaimhof.de\\\/#website\"},\"datePublished\":\"2014-02-13T08:41:20+00:00\",\"dateModified\":\"2025-11-14T09:19:30+00:00\",\"description\":\"Du kannst jederzeit bei uns eine Probestunde nehmen. Was du mitbringen sollst, findest du hier auf der Seite.\",\"breadcrumb\":{\"@id\":\"https:\\\/\\\/www.yogaimhof.de\\\/#breadcrumb\"},\"inLanguage\":\"de\",\"potentialAction\":[{\"@type\":\"ReadAction\",\"target\":[\"https:\\\/\\\/www.yogaimhof.de\\\/\"]}]},{\"@type\":\"BreadcrumbList\",\"@id\":\"https:\\\/\\\/www.yogaimhof.de\\\/#breadcrumb\",\"itemListElement\":[{\"@type\":\"ListItem\",\"position\":1,\"name\":\"Startseite\",\"item\":\"https:\\\/\\\/www.yogaimhof.de\\\/\"},{\"@type\":\"ListItem\",\"position\":2,\"name\":\"Herzlich Willkommen bei Yoga im Hof\"}]},{\"@type\":\"WebSite\",\"@id\":\"https:\\\/\\\/www.yogaimhof.de\\\/#website\",\"url\":\"https:\\\/\\\/www.yogaimhof.de\\\/\",\"name\":\"Yoga im Hof - seit 2005 in Augsburg\",\"description\":\"Zeit f\u00fcr Yoga... Zeit f\u00fcr Dich.\",\"publisher\":{\"@id\":\"https:\\\/\\\/www.yogaimhof.de\\\/#organization\"},\"potentialAction\":[{\"@type\":\"SearchAction\",\"target\":{\"@type\":\"EntryPoint\",\"urlTemplate\":\"https:\\\/\\\/www.yogaimhof.de\\\/?s={search_term_string}\"},\"query-input\":{\"@type\":\"PropertyValueSpecification\",\"valueRequired\":true,\"valueName\":\"search_term_string\"}}],\"inLanguage\":\"de\"},{\"@type\":\"Organization\",\"@id\":\"https:\\\/\\\/www.yogaimhof.de\\\/#organization\",\"name\":\"Yoga im Hof - seit 2005 in Augsburg\",\"url\":\"https:\\\/\\\/www.yogaimhof.de\\\/\",\"logo\":{\"@type\":\"ImageObject\",\"inLanguage\":\"de\",\"@id\":\"https:\\\/\\\/www.yogaimhof.de\\\/#\\\/schema\\\/logo\\\/image\\\/\",\"url\":\"https:\\\/\\\/www.yogaimhof.de\\\/wp-content\\\/uploads\\\/2018\\\/05\\\/Logo-YIH.png\",\"contentUrl\":\"https:\\\/\\\/www.yogaimhof.de\\\/wp-content\\\/uploads\\\/2018\\\/05\\\/Logo-YIH.png\",\"width\":200,\"height\":198,\"caption\":\"Yoga im Hof - seit 2005 in Augsburg\"},\"image\":{\"@id\":\"https:\\\/\\\/www.yogaimhof.de\\\/#\\\/schema\\\/logo\\\/image\\\/\"},\"sameAs\":[\"https:\\\/\\\/www.facebook.com\\\/profile.php?id=100063689761446\"]}]}<\/script>\n<!-- \/ Yoast SEO plugin. -->","yoast_head_json":{"title":"Herzlich Willkommen bei Yoga im Hof - Yoga im Hof - seit 2005 in Augsburg","description":"Du kannst jederzeit bei uns eine Probestunde nehmen. Was du mitbringen sollst, findest du hier auf der Seite.","robots":{"index":"index","follow":"follow","max-snippet":"max-snippet:-1","max-image-preview":"max-image-preview:large","max-video-preview":"max-video-preview:-1"},"canonical":"https:\/\/www.yogaimhof.de\/","og_locale":"de_DE","og_type":"article","og_title":"Herzlich Willkommen bei Yoga im Hof - Yoga im Hof - seit 2005 in Augsburg","og_description":"Du kannst jederzeit bei uns eine Probestunde nehmen. Was du mitbringen sollst, findest du hier auf der Seite.","og_url":"https:\/\/www.yogaimhof.de\/","og_site_name":"Yoga im Hof - seit 2005 in Augsburg","article_publisher":"https:\/\/www.facebook.com\/profile.php?id=100063689761446","article_modified_time":"2025-11-14T09:19:30+00:00","twitter_card":"summary_large_image","twitter_misc":{"Gesch\u00e4tzte Lesezeit":"1\u00a0Minute"},"schema":{"@context":"https:\/\/schema.org","@graph":[{"@type":"WebPage","@id":"https:\/\/www.yogaimhof.de\/","url":"https:\/\/www.yogaimhof.de\/","name":"Herzlich Willkommen bei Yoga im Hof - Yoga im Hof - seit 2005 in Augsburg","isPartOf":{"@id":"https:\/\/www.yogaimhof.de\/#website"},"datePublished":"2014-02-13T08:41:20+00:00","dateModified":"2025-11-14T09:19:30+00:00","description":"Du kannst jederzeit bei uns eine Probestunde nehmen. Was du mitbringen sollst, findest du hier auf der Seite.","breadcrumb":{"@id":"https:\/\/www.yogaimhof.de\/#breadcrumb"},"inLanguage":"de","potentialAction":[{"@type":"ReadAction","target":["https:\/\/www.yogaimhof.de\/"]}]},{"@type":"BreadcrumbList","@id":"https:\/\/www.yogaimhof.de\/#breadcrumb","itemListElement":[{"@type":"ListItem","position":1,"name":"Startseite","item":"https:\/\/www.yogaimhof.de\/"},{"@type":"ListItem","position":2,"name":"Herzlich Willkommen bei Yoga im Hof"}]},{"@type":"WebSite","@id":"https:\/\/www.yogaimhof.de\/#website","url":"https:\/\/www.yogaimhof.de\/","name":"Yoga im Hof - seit 2005 in Augsburg","description":"Zeit f\u00fcr Yoga... Zeit f\u00fcr Dich.","publisher":{"@id":"https:\/\/www.yogaimhof.de\/#organization"},"potentialAction":[{"@type":"SearchAction","target":{"@type":"EntryPoint","urlTemplate":"https:\/\/www.yogaimhof.de\/?s={search_term_string}"},"query-input":{"@type":"PropertyValueSpecification","valueRequired":true,"valueName":"search_term_string"}}],"inLanguage":"de"},{"@type":"Organization","@id":"https:\/\/www.yogaimhof.de\/#organization","name":"Yoga im Hof - seit 2005 in Augsburg","url":"https:\/\/www.yogaimhof.de\/","logo":{"@type":"ImageObject","inLanguage":"de","@id":"https:\/\/www.yogaimhof.de\/#\/schema\/logo\/image\/","url":"https:\/\/www.yogaimhof.de\/wp-content\/uploads\/2018\/05\/Logo-YIH.png","contentUrl":"https:\/\/www.yogaimhof.de\/wp-content\/uploads\/2018\/05\/Logo-YIH.png","width":200,"height":198,"caption":"Yoga im Hof - seit 2005 in Augsburg"},"image":{"@id":"https:\/\/www.yogaimhof.de\/#\/schema\/logo\/image\/"},"sameAs":["https:\/\/www.facebook.com\/profile.php?id=100063689761446"]}]}},"_links":{"self":[{"href":"https:\/\/www.yogaimhof.de\/index.php?rest_route=\/wp\/v2\/pages\/964","targetHints":{"allow":["GET"]}}],"collection":[{"href":"https:\/\/www.yogaimhof.de\/index.php?rest_route=\/wp\/v2\/pages"}],"about":[{"href":"https:\/\/www.yogaimhof.de\/index.php?rest_route=\/wp\/v2\/types\/page"}],"author":[{"embeddable":true,"href":"https:\/\/www.yogaimhof.de\/index.php?rest_route=\/wp\/v2\/users\/1"}],"replies":[{"embeddable":true,"href":"https:\/\/www.yogaimhof.de\/index.php?rest_route=%2Fwp%2Fv2%2Fcomments&post=964"}],"version-history":[{"count":50,"href":"https:\/\/www.yogaimhof.de\/index.php?rest_route=\/wp\/v2\/pages\/964\/revisions"}],"predecessor-version":[{"id":7751,"href":"https:\/\/www.yogaimhof.de\/index.php?rest_route=\/wp\/v2\/pages\/964\/revisions\/7751"}],"wp:attachment":[{"href":"https:\/\/www.yogaimhof.de\/index.php?rest_route=%2Fwp%2Fv2%2Fmedia&parent=964"}],"curies":[{"name":"wp","href":"https:\/\/api.w.org\/{rel}","templated":true}]}}