{"id":959,"date":"2014-02-13T10:14:22","date_gmt":"2014-02-13T08:14:22","guid":{"rendered":"http:\/\/www.yogaimhof.de\/blog\/?page_id=959"},"modified":"2025-11-30T19:04:04","modified_gmt":"2025-11-30T18:04:04","slug":"unsere-preise","status":"publish","type":"page","link":"https:\/\/www.yogaimhof.de\/?page_id=959","title":{"rendered":"Unsere Preise"},"content":{"rendered":"\n<figure class=\"wp-block-image aligncenter size-full\"><img loading=\"lazy\" decoding=\"async\" width=\"1024\" height=\"768\" src=\"https:\/\/www.yogaimhof.de\/wp-content\/uploads\/2023\/04\/828b98bd-0049-4e72-a846-bf577c039a72.jpg\" alt=\"\" class=\"wp-image-5075\" srcset=\"https:\/\/www.yogaimhof.de\/wp-content\/uploads\/2023\/04\/828b98bd-0049-4e72-a846-bf577c039a72.jpg 1024w, https:\/\/www.yogaimhof.de\/wp-content\/uploads\/2023\/04\/828b98bd-0049-4e72-a846-bf577c039a72-300x225.jpg 300w, https:\/\/www.yogaimhof.de\/wp-content\/uploads\/2023\/04\/828b98bd-0049-4e72-a846-bf577c039a72-768x576.jpg 768w\" sizes=\"auto, (max-width: 1024px) 100vw, 1024px\" \/><\/figure>\n\n\n\n<ul style=\"background:linear-gradient(162deg,rgb(238,238,238) 0%,rgb(169,184,195) 62%)\" class=\"wp-block-list has-background\">\n<li>5er Karte \u20ac 90 \/ G\u00fcltigkeit: 2 Monate<\/li>\n\n\n\n<li>10er Karte \u20ac 160 \/\u20ac 110 erm\u00e4\u00df.*-G\u00fcltigkeit: 3 Monate<\/li>\n\n\n\n<li>10er Karte \u20ac 180 \/\u20ac 130 erm\u00e4\u00df.*-G\u00fcltigkeit: 5 Monate<\/li>\n\n\n\n<li>20er Karte \u20ac 280 &#8211; G\u00fcltigkeit: 5 Monate<\/li>\n\n\n\n<li>20er Karte \u20ac 320 &#8211; G\u00fcltigkeit: 7 Monate<\/li>\n\n\n\n<li>Flatrate \u20ac 460 &#8211; G\u00fcltigkeit: 6 Monate **<\/li>\n\n\n\n<li>Einzelstunde \u20ac 19 \/ \u20ac 15 erm\u00e4\u00dfigt * <\/li>\n\n\n\n<li>3er Schnupperkarte \u20ac 39 \/ \u20ac 29 erm\u00e4\u00dfigt * &#8211; G\u00fcltigkeit 1 Monat (kann nur beim ersten Besuch gekauft werden)<\/li>\n\n\n\n<li>Privatstunde \u20ac 80 f\u00fcr 60 Minuten und max. 2 Personen, jede weitere Person \u20ac 10<\/li>\n\n\n\n<li>Privatstunde \u20ac 110 f\u00fcr 90 Minuten und max. 2 Personen, jede weitere Person \u20ac 10<\/li>\n\n\n\n<li>Kurse werden gesondert ausgeschrieben <\/li>\n<\/ul>\n\n\n\n<p><strong>* erm\u00e4\u00dfigt:<\/strong> Menschen, die B\u00fcrgergeld erhalten sowie Sch\u00fcler*innen \/ Auszubildende \/ Studierende. Solltest Du keiner dieser Gruppen angeh\u00f6ren, aber dennoch den erm\u00e4\u00dfigten Preis ben\u00f6tigen, schreibe an info@yogaimhof.de und wir finden eine L\u00f6sung.<\/p>\n\n\n\n<p><strong>** Flatrate: <\/strong>mit der Flatrate kannst Du <strong>f\u00fcr 6 Monate unbegrenzt<\/strong> an allen offenen Stunden teilnehmen.  <\/p>\n\n\n\n<p class=\"has-text-align-left\"><span style=\"color: #000000;\">Mit der <strong>Punktekarte<\/strong> (Preise inkl. der gesetzlichen MwSt) kannst Du alle unsere offenen Stunden besuchen. F\u00fcr jede Stunde die Du nimmst wird ein Punkt abgestempelt. Die Karten sind personenbezogen, nicht \u00fcbertragbar und haben eine verbindliche begrenzte G\u00fcltigkeitsdauer (<a href=\"https:\/\/www.yogaimhof.de\/?page_id=2311\">siehe AGBs<\/a>).<\/span><\/p>\n\n\n\n<p><span style=\"color: #000000;\">Punktekarten sind auch als <strong>Gutscheine<\/strong> vor und nach den&nbsp;Yogastunden in der Yogaschule erh\u00e4ltlich. Du kannst einen Gutschein auch per <a href=\"mailto: info@yogaimhof.de\">Email<\/a> bestellen und per \u00dcberweisung bezahlen. Der zeitliche G\u00fcltigkeitsrahmen der Punktekarte beginnt nat\u00fcrlich erst mit der ersten genommenen Yogastunde &#8211; und nicht mit dem Gutscheinkauf.<\/span><\/p>\n\n\n\n<p><span style=\"color: #000000;\">Wir sind eine qualit\u00e4tsgepr\u00fcfte Yogaschule in Augsburg. Die Krankenkassen erkennen nur geschlossene Yoga-Anf\u00e4nger- oder Wiedereinsteiger-Kurse&nbsp;als Pr\u00e4ventionsma\u00dfnahme nach \u00a7 20 SGB V an. Gerne k\u00f6nnen wir die regelm\u00e4\u00dfige Teilnahme (einmal pro Woche) an unseren offenen Stunden best\u00e4tigen. Viele Krankenkassen erstatten dann anteilig den &#8222;Kurspreis&#8220;.<\/span><\/p>\n\n\n\n<p><span style=\"color: #000000;\">Du kannst bei uns <strong>jederzeit und ohne Anmeldung einsteigen.<\/strong> F\u00fcr Anf\u00e4nger empfiehlt es sich mit \u201eYoga Basic\u201c, &#8222;Yoga Basic\/I&#8220; \u201eYoga Sanft\u201c oder &#8222;Yoga f\u00fcr alle(s)&#8220; zu beginnen (<a href=\"https:\/\/www.yogaimhof.de\/?page_id=1898\">siehe Stundenplan<\/a>).\u00a0\u00dcbe in bequemer Kleidung inklusive Sweatshirt und Socken und achte darauf, dass Dein Magen einigerma\u00dfen leer ist. Matten, Decken und Kissen sind in der Yogaschule vorhanden<\/span>.<\/p>\n\n\n\n<p><\/p>\n\n\n\n<p><span style=\"color: #ff6600;\"><strong>Bankverbindung<\/strong><\/span><font color=\"#808080\">: <\/font>Gabriele<span style=\"color: rgb(0, 0, 0);\"> Theinert&nbsp;IBAN DE70 7315 0000 0000 4395 88, Sparkasse Schwaben-Bodensee. Einfach f\u00fcr die Stunde oder die Karte \u00fcberweisen und den Namen oder ggf. das Datum der Stunden in den Betreff schreiben.<\/span><\/p>\n","protected":false},"excerpt":{"rendered":"<p>* erm\u00e4\u00dfigt: Menschen, die B\u00fcrgergeld erhalten sowie Sch\u00fcler*innen \/ Auszubildende \/ Studierende. Solltest Du keiner dieser Gruppen angeh\u00f6ren, aber dennoch den erm\u00e4\u00dfigten Preis ben\u00f6tigen, schreibe an info@yogaimhof.de und wir finden eine L\u00f6sung. ** Flatrate: mit der Flatrate kannst Du f\u00fcr 6 Monate unbegrenzt an allen offenen Stunden teilnehmen. Mit der Punktekarte (Preise inkl. der gesetzlichen [&hellip;]<\/p>\n","protected":false},"author":1,"featured_media":0,"parent":0,"menu_order":0,"comment_status":"closed","ping_status":"closed","template":"","meta":{"footnotes":""},"class_list":["post-959","page","type-page","status-publish","hentry"],"yoast_head":"<!-- This site is optimized with the Yoast SEO plugin v27.5 - https:\/\/yoast.com\/product\/yoast-seo-wordpress\/ -->\n<title>Unsere Preise - Yoga im Hof - seit 2005 in Augsburg<\/title>\n<meta name=\"description\" content=\"Hier findest du unsere Preise und auch Tipps f\u00fcr den ersten Besuch bei uns. Du kannst Yoga-Gutscheine auch verschenken!\" \/>\n<meta name=\"robots\" content=\"index, follow, max-snippet:-1, max-image-preview:large, max-video-preview:-1\" \/>\n<link rel=\"canonical\" href=\"https:\/\/www.yogaimhof.de\/?page_id=959\" \/>\n<meta property=\"og:locale\" content=\"de_DE\" \/>\n<meta property=\"og:type\" content=\"article\" \/>\n<meta property=\"og:title\" content=\"Unsere Preise - Yoga im Hof - seit 2005 in Augsburg\" \/>\n<meta property=\"og:description\" content=\"Hier findest du unsere Preise und auch Tipps f\u00fcr den ersten Besuch bei uns. Du kannst Yoga-Gutscheine auch verschenken!\" \/>\n<meta property=\"og:url\" content=\"https:\/\/www.yogaimhof.de\/?page_id=959\" \/>\n<meta property=\"og:site_name\" content=\"Yoga im Hof - seit 2005 in Augsburg\" \/>\n<meta property=\"article:publisher\" content=\"https:\/\/www.facebook.com\/profile.php?id=100063689761446\" \/>\n<meta property=\"article:modified_time\" content=\"2025-11-30T18:04:04+00:00\" \/>\n<meta property=\"og:image\" content=\"https:\/\/www.yogaimhof.de\/wp-content\/uploads\/2023\/04\/828b98bd-0049-4e72-a846-bf577c039a72.jpg\" \/>\n\t<meta property=\"og:image:width\" content=\"1024\" \/>\n\t<meta property=\"og:image:height\" content=\"768\" \/>\n\t<meta property=\"og:image:type\" content=\"image\/jpeg\" \/>\n<meta name=\"twitter:card\" content=\"summary_large_image\" \/>\n<meta name=\"twitter:label1\" content=\"Gesch\u00e4tzte Lesezeit\" \/>\n\t<meta name=\"twitter:data1\" content=\"3\u00a0Minuten\" \/>\n<script type=\"application\/ld+json\" class=\"yoast-schema-graph\">{\"@context\":\"https:\\\/\\\/schema.org\",\"@graph\":[{\"@type\":\"WebPage\",\"@id\":\"https:\\\/\\\/www.yogaimhof.de\\\/?page_id=959\",\"url\":\"https:\\\/\\\/www.yogaimhof.de\\\/?page_id=959\",\"name\":\"Unsere Preise - Yoga im Hof - seit 2005 in Augsburg\",\"isPartOf\":{\"@id\":\"https:\\\/\\\/www.yogaimhof.de\\\/#website\"},\"primaryImageOfPage\":{\"@id\":\"https:\\\/\\\/www.yogaimhof.de\\\/?page_id=959#primaryimage\"},\"image\":{\"@id\":\"https:\\\/\\\/www.yogaimhof.de\\\/?page_id=959#primaryimage\"},\"thumbnailUrl\":\"https:\\\/\\\/www.yogaimhof.de\\\/wp-content\\\/uploads\\\/2023\\\/04\\\/828b98bd-0049-4e72-a846-bf577c039a72.jpg\",\"datePublished\":\"2014-02-13T08:14:22+00:00\",\"dateModified\":\"2025-11-30T18:04:04+00:00\",\"description\":\"Hier findest du unsere Preise und auch Tipps f\u00fcr den ersten Besuch bei uns. Du kannst Yoga-Gutscheine auch verschenken!\",\"breadcrumb\":{\"@id\":\"https:\\\/\\\/www.yogaimhof.de\\\/?page_id=959#breadcrumb\"},\"inLanguage\":\"de\",\"potentialAction\":[{\"@type\":\"ReadAction\",\"target\":[\"https:\\\/\\\/www.yogaimhof.de\\\/?page_id=959\"]}]},{\"@type\":\"ImageObject\",\"inLanguage\":\"de\",\"@id\":\"https:\\\/\\\/www.yogaimhof.de\\\/?page_id=959#primaryimage\",\"url\":\"https:\\\/\\\/www.yogaimhof.de\\\/wp-content\\\/uploads\\\/2023\\\/04\\\/828b98bd-0049-4e72-a846-bf577c039a72.jpg\",\"contentUrl\":\"https:\\\/\\\/www.yogaimhof.de\\\/wp-content\\\/uploads\\\/2023\\\/04\\\/828b98bd-0049-4e72-a846-bf577c039a72.jpg\",\"width\":1024,\"height\":768},{\"@type\":\"BreadcrumbList\",\"@id\":\"https:\\\/\\\/www.yogaimhof.de\\\/?page_id=959#breadcrumb\",\"itemListElement\":[{\"@type\":\"ListItem\",\"position\":1,\"name\":\"Startseite\",\"item\":\"https:\\\/\\\/www.yogaimhof.de\\\/\"},{\"@type\":\"ListItem\",\"position\":2,\"name\":\"Unsere Preise\"}]},{\"@type\":\"WebSite\",\"@id\":\"https:\\\/\\\/www.yogaimhof.de\\\/#website\",\"url\":\"https:\\\/\\\/www.yogaimhof.de\\\/\",\"name\":\"Yoga im Hof - seit 2005 in Augsburg\",\"description\":\"Zeit f\u00fcr Yoga... Zeit f\u00fcr Dich.\",\"publisher\":{\"@id\":\"https:\\\/\\\/www.yogaimhof.de\\\/#organization\"},\"potentialAction\":[{\"@type\":\"SearchAction\",\"target\":{\"@type\":\"EntryPoint\",\"urlTemplate\":\"https:\\\/\\\/www.yogaimhof.de\\\/?s={search_term_string}\"},\"query-input\":{\"@type\":\"PropertyValueSpecification\",\"valueRequired\":true,\"valueName\":\"search_term_string\"}}],\"inLanguage\":\"de\"},{\"@type\":\"Organization\",\"@id\":\"https:\\\/\\\/www.yogaimhof.de\\\/#organization\",\"name\":\"Yoga im Hof - seit 2005 in Augsburg\",\"url\":\"https:\\\/\\\/www.yogaimhof.de\\\/\",\"logo\":{\"@type\":\"ImageObject\",\"inLanguage\":\"de\",\"@id\":\"https:\\\/\\\/www.yogaimhof.de\\\/#\\\/schema\\\/logo\\\/image\\\/\",\"url\":\"https:\\\/\\\/www.yogaimhof.de\\\/wp-content\\\/uploads\\\/2018\\\/05\\\/Logo-YIH.png\",\"contentUrl\":\"https:\\\/\\\/www.yogaimhof.de\\\/wp-content\\\/uploads\\\/2018\\\/05\\\/Logo-YIH.png\",\"width\":200,\"height\":198,\"caption\":\"Yoga im Hof - seit 2005 in Augsburg\"},\"image\":{\"@id\":\"https:\\\/\\\/www.yogaimhof.de\\\/#\\\/schema\\\/logo\\\/image\\\/\"},\"sameAs\":[\"https:\\\/\\\/www.facebook.com\\\/profile.php?id=100063689761446\"]}]}<\/script>\n<!-- \/ Yoast SEO plugin. -->","yoast_head_json":{"title":"Unsere Preise - Yoga im Hof - seit 2005 in Augsburg","description":"Hier findest du unsere Preise und auch Tipps f\u00fcr den ersten Besuch bei uns. Du kannst Yoga-Gutscheine auch verschenken!","robots":{"index":"index","follow":"follow","max-snippet":"max-snippet:-1","max-image-preview":"max-image-preview:large","max-video-preview":"max-video-preview:-1"},"canonical":"https:\/\/www.yogaimhof.de\/?page_id=959","og_locale":"de_DE","og_type":"article","og_title":"Unsere Preise - Yoga im Hof - seit 2005 in Augsburg","og_description":"Hier findest du unsere Preise und auch Tipps f\u00fcr den ersten Besuch bei uns. Du kannst Yoga-Gutscheine auch verschenken!","og_url":"https:\/\/www.yogaimhof.de\/?page_id=959","og_site_name":"Yoga im Hof - seit 2005 in Augsburg","article_publisher":"https:\/\/www.facebook.com\/profile.php?id=100063689761446","article_modified_time":"2025-11-30T18:04:04+00:00","og_image":[{"width":1024,"height":768,"url":"https:\/\/www.yogaimhof.de\/wp-content\/uploads\/2023\/04\/828b98bd-0049-4e72-a846-bf577c039a72.jpg","type":"image\/jpeg"}],"twitter_card":"summary_large_image","twitter_misc":{"Gesch\u00e4tzte Lesezeit":"3\u00a0Minuten"},"schema":{"@context":"https:\/\/schema.org","@graph":[{"@type":"WebPage","@id":"https:\/\/www.yogaimhof.de\/?page_id=959","url":"https:\/\/www.yogaimhof.de\/?page_id=959","name":"Unsere Preise - Yoga im Hof - seit 2005 in Augsburg","isPartOf":{"@id":"https:\/\/www.yogaimhof.de\/#website"},"primaryImageOfPage":{"@id":"https:\/\/www.yogaimhof.de\/?page_id=959#primaryimage"},"image":{"@id":"https:\/\/www.yogaimhof.de\/?page_id=959#primaryimage"},"thumbnailUrl":"https:\/\/www.yogaimhof.de\/wp-content\/uploads\/2023\/04\/828b98bd-0049-4e72-a846-bf577c039a72.jpg","datePublished":"2014-02-13T08:14:22+00:00","dateModified":"2025-11-30T18:04:04+00:00","description":"Hier findest du unsere Preise und auch Tipps f\u00fcr den ersten Besuch bei uns. Du kannst Yoga-Gutscheine auch verschenken!","breadcrumb":{"@id":"https:\/\/www.yogaimhof.de\/?page_id=959#breadcrumb"},"inLanguage":"de","potentialAction":[{"@type":"ReadAction","target":["https:\/\/www.yogaimhof.de\/?page_id=959"]}]},{"@type":"ImageObject","inLanguage":"de","@id":"https:\/\/www.yogaimhof.de\/?page_id=959#primaryimage","url":"https:\/\/www.yogaimhof.de\/wp-content\/uploads\/2023\/04\/828b98bd-0049-4e72-a846-bf577c039a72.jpg","contentUrl":"https:\/\/www.yogaimhof.de\/wp-content\/uploads\/2023\/04\/828b98bd-0049-4e72-a846-bf577c039a72.jpg","width":1024,"height":768},{"@type":"BreadcrumbList","@id":"https:\/\/www.yogaimhof.de\/?page_id=959#breadcrumb","itemListElement":[{"@type":"ListItem","position":1,"name":"Startseite","item":"https:\/\/www.yogaimhof.de\/"},{"@type":"ListItem","position":2,"name":"Unsere Preise"}]},{"@type":"WebSite","@id":"https:\/\/www.yogaimhof.de\/#website","url":"https:\/\/www.yogaimhof.de\/","name":"Yoga im Hof - seit 2005 in Augsburg","description":"Zeit f\u00fcr Yoga... Zeit f\u00fcr Dich.","publisher":{"@id":"https:\/\/www.yogaimhof.de\/#organization"},"potentialAction":[{"@type":"SearchAction","target":{"@type":"EntryPoint","urlTemplate":"https:\/\/www.yogaimhof.de\/?s={search_term_string}"},"query-input":{"@type":"PropertyValueSpecification","valueRequired":true,"valueName":"search_term_string"}}],"inLanguage":"de"},{"@type":"Organization","@id":"https:\/\/www.yogaimhof.de\/#organization","name":"Yoga im Hof - seit 2005 in Augsburg","url":"https:\/\/www.yogaimhof.de\/","logo":{"@type":"ImageObject","inLanguage":"de","@id":"https:\/\/www.yogaimhof.de\/#\/schema\/logo\/image\/","url":"https:\/\/www.yogaimhof.de\/wp-content\/uploads\/2018\/05\/Logo-YIH.png","contentUrl":"https:\/\/www.yogaimhof.de\/wp-content\/uploads\/2018\/05\/Logo-YIH.png","width":200,"height":198,"caption":"Yoga im Hof - seit 2005 in Augsburg"},"image":{"@id":"https:\/\/www.yogaimhof.de\/#\/schema\/logo\/image\/"},"sameAs":["https:\/\/www.facebook.com\/profile.php?id=100063689761446"]}]}},"_links":{"self":[{"href":"https:\/\/www.yogaimhof.de\/index.php?rest_route=\/wp\/v2\/pages\/959","targetHints":{"allow":["GET"]}}],"collection":[{"href":"https:\/\/www.yogaimhof.de\/index.php?rest_route=\/wp\/v2\/pages"}],"about":[{"href":"https:\/\/www.yogaimhof.de\/index.php?rest_route=\/wp\/v2\/types\/page"}],"author":[{"embeddable":true,"href":"https:\/\/www.yogaimhof.de\/index.php?rest_route=\/wp\/v2\/users\/1"}],"replies":[{"embeddable":true,"href":"https:\/\/www.yogaimhof.de\/index.php?rest_route=%2Fwp%2Fv2%2Fcomments&post=959"}],"version-history":[{"count":98,"href":"https:\/\/www.yogaimhof.de\/index.php?rest_route=\/wp\/v2\/pages\/959\/revisions"}],"predecessor-version":[{"id":7812,"href":"https:\/\/www.yogaimhof.de\/index.php?rest_route=\/wp\/v2\/pages\/959\/revisions\/7812"}],"wp:attachment":[{"href":"https:\/\/www.yogaimhof.de\/index.php?rest_route=%2Fwp%2Fv2%2Fmedia&parent=959"}],"curies":[{"name":"wp","href":"https:\/\/api.w.org\/{rel}","templated":true}]}}